{"id":380,"date":"2023-12-19T14:54:39","date_gmt":"2023-12-19T14:54:39","guid":{"rendered":"https:\/\/044apgi.ooteca.artedra.net\/wordpress\/?page_id=380"},"modified":"2025-04-23T15:06:25","modified_gmt":"2025-04-23T15:06:25","slug":"380-2","status":"publish","type":"page","link":"https:\/\/044apgi.ooteca.artedra.net\/wordpress\/","title":{"rendered":""},"content":{"rendered":"\n<div class=\"wp-block-group alignwide\"><div class=\"wp-block-group__inner-container is-layout-constrained wp-block-group-is-layout-constrained\">\n<div class=\"wp-block-columns alignwide is-layout-flex wp-container-core-columns-is-layout-9d6595d7 wp-block-columns-is-layout-flex\">\n<div class=\"wp-block-column is-vertically-aligned-stretch is-layout-flow wp-block-column-is-layout-flow\">\n<h2 class=\"wp-block-heading\" style=\"font-size:98px\">Nom\u00e9s veiem el que tenim davant<\/h2>\n<\/div>\n\n\n\n<div class=\"wp-block-column is-vertically-aligned-stretch is-layout-flow wp-block-column-is-layout-flow\">\n<p><strong><em>Obre els Ulls<\/em><\/strong>, \u00e9s una acci\u00f3 d\u2019artivisme que busca despertar la consci\u00e8ncia col\u00b7lectiva sobre la crisi humanit\u00e0ria que ha generat la guerra entre Palestina i Israel. \u00c9s una crida urgent a l\u2019acci\u00f3 i a la solidaritat humana. Aconseguir pau i just\u00edcia global \u00e9s responsabilitat de tothom.<\/p>\n\n\n\n<p>Sovint,&nbsp; davant l&#8217;allau constant de not\u00edcies i contingut violent que ens arriba pels mitjans, desenvolupem mecanismes de defensa per protegir-nos emocionalment.&nbsp;\u00c9s en aquest context i davant la dram\u00e0tica situaci\u00f3 actual, que creiem que l\u2019acci\u00f3 artivista pot ser un bon mitj\u00e0 per fer visible la necessitat de reflexi\u00f3 individual i col\u00b7lectiva a trav\u00e9s de la interacci\u00f3.<\/p>\n<\/div>\n<\/div>\n<\/div><\/div>\n\n\n\n<figure class=\"wp-block-embed aligncenter is-type-video is-provider-youtube wp-block-embed-youtube wp-embed-aspect-16-9 wp-has-aspect-ratio\"><div class=\"wp-block-embed__wrapper\">\n<iframe loading=\"lazy\" title=\"Obre els Ulls\" width=\"920\" height=\"518\" src=\"https:\/\/www.youtube.com\/embed\/PaDSmUI7lF0?feature=oembed\" frameborder=\"0\" allow=\"accelerometer; autoplay; clipboard-write; encrypted-media; gyroscope; picture-in-picture; web-share\" referrerpolicy=\"strict-origin-when-cross-origin\" allowfullscreen><\/iframe>\n<\/div><\/figure>\n\n\n\n\n\n\n<figure class=\"wp-block-gallery has-nested-images columns-default is-cropped wp-block-gallery-1 is-layout-flex wp-block-gallery-is-layout-flex\">\n<figure class=\"wp-block-image size-large is-style-default\"><img loading=\"lazy\" decoding=\"async\" width=\"1024\" height=\"770\" data-id=\"722\" src=\"https:\/\/044apgi.ooteca.artedra.net\/wordpress\/wp-content\/uploads\/2025\/04\/img6-1024x770.jpg\" alt=\"\" class=\"wp-image-722\" srcset=\"https:\/\/044apgi.ooteca.artedra.net\/wordpress\/wp-content\/uploads\/2025\/04\/img6-1024x770.jpg 1024w, https:\/\/044apgi.ooteca.artedra.net\/wordpress\/wp-content\/uploads\/2025\/04\/img6-300x226.jpg 300w, https:\/\/044apgi.ooteca.artedra.net\/wordpress\/wp-content\/uploads\/2025\/04\/img6-768x578.jpg 768w, https:\/\/044apgi.ooteca.artedra.net\/wordpress\/wp-content\/uploads\/2025\/04\/img6-124x93.jpg 124w, https:\/\/044apgi.ooteca.artedra.net\/wordpress\/wp-content\/uploads\/2025\/04\/img6.jpg 1130w\" sizes=\"auto, (max-width: 1024px) 100vw, 1024px\" \/><\/figure>\n\n\n\n<figure class=\"wp-block-image size-large\"><img loading=\"lazy\" decoding=\"async\" width=\"1024\" height=\"770\" data-id=\"720\" src=\"https:\/\/044apgi.ooteca.artedra.net\/wordpress\/wp-content\/uploads\/2025\/04\/img5-1024x770.jpg\" alt=\"\" class=\"wp-image-720\" srcset=\"https:\/\/044apgi.ooteca.artedra.net\/wordpress\/wp-content\/uploads\/2025\/04\/img5-1024x770.jpg 1024w, https:\/\/044apgi.ooteca.artedra.net\/wordpress\/wp-content\/uploads\/2025\/04\/img5-300x226.jpg 300w, https:\/\/044apgi.ooteca.artedra.net\/wordpress\/wp-content\/uploads\/2025\/04\/img5-768x578.jpg 768w, https:\/\/044apgi.ooteca.artedra.net\/wordpress\/wp-content\/uploads\/2025\/04\/img5-124x93.jpg 124w, https:\/\/044apgi.ooteca.artedra.net\/wordpress\/wp-content\/uploads\/2025\/04\/img5.jpg 1130w\" sizes=\"auto, (max-width: 1024px) 100vw, 1024px\" \/><\/figure>\n\n\n\n<figure class=\"wp-block-image size-large\"><img loading=\"lazy\" decoding=\"async\" width=\"1024\" height=\"770\" data-id=\"718\" src=\"https:\/\/044apgi.ooteca.artedra.net\/wordpress\/wp-content\/uploads\/2025\/04\/img4-1024x770.jpg\" alt=\"\" class=\"wp-image-718\" srcset=\"https:\/\/044apgi.ooteca.artedra.net\/wordpress\/wp-content\/uploads\/2025\/04\/img4-1024x770.jpg 1024w, https:\/\/044apgi.ooteca.artedra.net\/wordpress\/wp-content\/uploads\/2025\/04\/img4-300x226.jpg 300w, https:\/\/044apgi.ooteca.artedra.net\/wordpress\/wp-content\/uploads\/2025\/04\/img4-768x578.jpg 768w, https:\/\/044apgi.ooteca.artedra.net\/wordpress\/wp-content\/uploads\/2025\/04\/img4-124x93.jpg 124w, https:\/\/044apgi.ooteca.artedra.net\/wordpress\/wp-content\/uploads\/2025\/04\/img4.jpg 1130w\" sizes=\"auto, (max-width: 1024px) 100vw, 1024px\" \/><\/figure>\n\n\n\n<figure class=\"wp-block-image size-large\"><img loading=\"lazy\" decoding=\"async\" width=\"1024\" height=\"770\" data-id=\"715\" src=\"https:\/\/044apgi.ooteca.artedra.net\/wordpress\/wp-content\/uploads\/2025\/04\/img3-1024x770.jpg\" alt=\"\" class=\"wp-image-715\" srcset=\"https:\/\/044apgi.ooteca.artedra.net\/wordpress\/wp-content\/uploads\/2025\/04\/img3-1024x770.jpg 1024w, https:\/\/044apgi.ooteca.artedra.net\/wordpress\/wp-content\/uploads\/2025\/04\/img3-300x226.jpg 300w, https:\/\/044apgi.ooteca.artedra.net\/wordpress\/wp-content\/uploads\/2025\/04\/img3-768x578.jpg 768w, https:\/\/044apgi.ooteca.artedra.net\/wordpress\/wp-content\/uploads\/2025\/04\/img3-124x93.jpg 124w, https:\/\/044apgi.ooteca.artedra.net\/wordpress\/wp-content\/uploads\/2025\/04\/img3.jpg 1130w\" sizes=\"auto, (max-width: 1024px) 100vw, 1024px\" \/><\/figure>\n\n\n\n<figure class=\"wp-block-image size-large\"><img loading=\"lazy\" decoding=\"async\" width=\"1024\" height=\"770\" data-id=\"713\" src=\"https:\/\/044apgi.ooteca.artedra.net\/wordpress\/wp-content\/uploads\/2025\/04\/img2-1024x770.jpg\" alt=\"\" class=\"wp-image-713\" srcset=\"https:\/\/044apgi.ooteca.artedra.net\/wordpress\/wp-content\/uploads\/2025\/04\/img2-1024x770.jpg 1024w, https:\/\/044apgi.ooteca.artedra.net\/wordpress\/wp-content\/uploads\/2025\/04\/img2-300x226.jpg 300w, https:\/\/044apgi.ooteca.artedra.net\/wordpress\/wp-content\/uploads\/2025\/04\/img2-768x578.jpg 768w, https:\/\/044apgi.ooteca.artedra.net\/wordpress\/wp-content\/uploads\/2025\/04\/img2-124x93.jpg 124w, https:\/\/044apgi.ooteca.artedra.net\/wordpress\/wp-content\/uploads\/2025\/04\/img2.jpg 1130w\" sizes=\"auto, (max-width: 1024px) 100vw, 1024px\" \/><\/figure>\n\n\n\n<figure class=\"wp-block-image size-large\"><img loading=\"lazy\" decoding=\"async\" width=\"1024\" height=\"770\" data-id=\"709\" src=\"https:\/\/044apgi.ooteca.artedra.net\/wordpress\/wp-content\/uploads\/2025\/04\/img1-1024x770.jpg\" alt=\"\" class=\"wp-image-709\" srcset=\"https:\/\/044apgi.ooteca.artedra.net\/wordpress\/wp-content\/uploads\/2025\/04\/img1-1024x770.jpg 1024w, https:\/\/044apgi.ooteca.artedra.net\/wordpress\/wp-content\/uploads\/2025\/04\/img1-300x226.jpg 300w, https:\/\/044apgi.ooteca.artedra.net\/wordpress\/wp-content\/uploads\/2025\/04\/img1-768x578.jpg 768w, https:\/\/044apgi.ooteca.artedra.net\/wordpress\/wp-content\/uploads\/2025\/04\/img1-124x93.jpg 124w, https:\/\/044apgi.ooteca.artedra.net\/wordpress\/wp-content\/uploads\/2025\/04\/img1.jpg 1130w\" sizes=\"auto, (max-width: 1024px) 100vw, 1024px\" \/><\/figure>\n<\/figure>\n\n\n\n<p><\/p>\n","protected":false},"excerpt":{"rendered":"<p>Nom\u00e9s veiem el que tenim davant Obre els Ulls, \u00e9s una acci\u00f3 d\u2019artivisme que busca despertar la consci\u00e8ncia col\u00b7lectiva sobre<\/p>\n<p><span class=\"more-link\"><a href=\"https:\/\/044apgi.ooteca.artedra.net\/wordpress\/\" class=\"readmore\">Seguir leyendo<span class=\"screen-reader-text\"><\/span><\/a><\/span><\/p>\n","protected":false},"author":1,"featured_media":0,"parent":0,"menu_order":0,"comment_status":"closed","ping_status":"closed","template":"","meta":{"footnotes":""},"class_list":["post-380","page","type-page","status-publish","hentry"],"_links":{"self":[{"href":"https:\/\/044apgi.ooteca.artedra.net\/wordpress\/index.php?rest_route=\/wp\/v2\/pages\/380","targetHints":{"allow":["GET"]}}],"collection":[{"href":"https:\/\/044apgi.ooteca.artedra.net\/wordpress\/index.php?rest_route=\/wp\/v2\/pages"}],"about":[{"href":"https:\/\/044apgi.ooteca.artedra.net\/wordpress\/index.php?rest_route=\/wp\/v2\/types\/page"}],"author":[{"embeddable":true,"href":"https:\/\/044apgi.ooteca.artedra.net\/wordpress\/index.php?rest_route=\/wp\/v2\/users\/1"}],"replies":[{"embeddable":true,"href":"https:\/\/044apgi.ooteca.artedra.net\/wordpress\/index.php?rest_route=%2Fwp%2Fv2%2Fcomments&post=380"}],"version-history":[{"count":63,"href":"https:\/\/044apgi.ooteca.artedra.net\/wordpress\/index.php?rest_route=\/wp\/v2\/pages\/380\/revisions"}],"predecessor-version":[{"id":761,"href":"https:\/\/044apgi.ooteca.artedra.net\/wordpress\/index.php?rest_route=\/wp\/v2\/pages\/380\/revisions\/761"}],"wp:attachment":[{"href":"https:\/\/044apgi.ooteca.artedra.net\/wordpress\/index.php?rest_route=%2Fwp%2Fv2%2Fmedia&parent=380"}],"curies":[{"name":"wp","href":"https:\/\/api.w.org\/{rel}","templated":true}]}}