{"id":382,"date":"2023-12-19T14:51:24","date_gmt":"2023-12-19T14:51:24","guid":{"rendered":"https:\/\/044apgi.ooteca.artedra.net\/wordpress\/?page_id=382"},"modified":"2024-01-29T16:07:02","modified_gmt":"2024-01-29T16:07:02","slug":"concepto","status":"publish","type":"page","link":"https:\/\/044apgi.ooteca.artedra.net\/wordpress\/?page_id=382","title":{"rendered":"Concepte"},"content":{"rendered":"\n<div class=\"wp-block-group alignwide\"><div class=\"wp-block-group__inner-container is-layout-constrained wp-block-group-is-layout-constrained\">\n<h2 class=\"wp-block-heading\" style=\"font-size:38px;line-height:1.4\"><strong>Artivisme<\/strong><\/h2>\n\n\n\n<div class=\"wp-block-columns is-layout-flex wp-container-core-columns-is-layout-9d6595d7 wp-block-columns-is-layout-flex\">\n<div class=\"wp-block-column is-layout-flow wp-block-column-is-layout-flow\">\n<p style=\"font-size:18px\">L&#8217;artivisme \u00e9s una paraula que deriva de la combinaci\u00f3 d&#8217; \u00abart\u00bb i \u00abactivisme\u00bb. Es refereix a una forma d&#8217;activisme que utilitza l&#8217;expressi\u00f3 art\u00edstica com a mitj\u00e0 per abordar q\u00fcestions socials, pol\u00edtiques o ambientals. Pot esdevenir una potent eina de transformaci\u00f3 social. A trav\u00e9s de l\u2019art es provoquen emocions, s\u2019impacta en les consci\u00e8ncies i es convida a la reflexi\u00f3 i el di\u00e0leg individual i col\u00b7lectiu.<\/p>\n<\/div>\n\n\n\n<div class=\"wp-block-column is-layout-flow wp-block-column-is-layout-flow\"><div class=\"wp-block-image is-style-default\">\n<figure class=\"aligncenter size-large\"><img loading=\"lazy\" decoding=\"async\" width=\"1024\" height=\"576\" src=\"https:\/\/044apgi.ooteca.artedra.net\/wordpress\/wp-content\/uploads\/2023\/12\/cropped-fondo-1024x576.png\" alt=\"\" class=\"wp-image-400\" srcset=\"https:\/\/044apgi.ooteca.artedra.net\/wordpress\/wp-content\/uploads\/2023\/12\/cropped-fondo-1024x576.png 1024w, https:\/\/044apgi.ooteca.artedra.net\/wordpress\/wp-content\/uploads\/2023\/12\/cropped-fondo-300x169.png 300w, https:\/\/044apgi.ooteca.artedra.net\/wordpress\/wp-content\/uploads\/2023\/12\/cropped-fondo-768x432.png 768w, https:\/\/044apgi.ooteca.artedra.net\/wordpress\/wp-content\/uploads\/2023\/12\/cropped-fondo-1536x864.png 1536w, https:\/\/044apgi.ooteca.artedra.net\/wordpress\/wp-content\/uploads\/2023\/12\/cropped-fondo.png 1920w\" sizes=\"auto, (max-width: 1024px) 100vw, 1024px\" \/><\/figure>\n<\/div><\/div>\n<\/div>\n\n\n\n<div class=\"wp-block-group\"><div class=\"wp-block-group__inner-container is-layout-constrained wp-block-group-is-layout-constrained\">\n<h2 class=\"wp-block-heading\" style=\"font-size:38px;line-height:1.4\"><strong><strong>Palestina-Israel<\/strong><\/strong><\/h2>\n\n\n\n<div class=\"wp-block-columns is-layout-flex wp-container-core-columns-is-layout-9d6595d7 wp-block-columns-is-layout-flex\">\n<div class=\"wp-block-column is-layout-flow wp-block-column-is-layout-flow\">\n<p>\u00c9s essencial q\u00fcestionar no sols les manifestacions superficials dels conflictes, sin\u00f3 tamb\u00e9 abordar les arrels profundes que perpetuen el cicle de viol\u00e8ncia.<\/p>\n\n\n\n<p>El cas de Palestina i Israel, \u00e9s un conflicte extremadament complex i les arrels s&#8217;entrellacen amb la hist\u00f2ria colonial, la religi\u00f3 i les aspiracions nacionals.<\/p>\n\n\n\n<p>La guerra de 1948, va suposar la proclamaci\u00f3 unilateral de l\u2019Estat d\u2019Israel, i l\u2019inici del Nakba (Cat\u00e0strofe), l\u2019\u00e8xode palest\u00ed, el despla\u00e7ament massiu i for\u00e7at de de 700.000 palestins i palestines i l\u2019ocupaci\u00f3 de les seves terres i llars. Durant anys els conflictes no han cessat, la vulneraci\u00f3 de drets humans a la poblaci\u00f3 palestina ha estat constant, en especial a la Franja de Gaza; s\u2019han succe\u00eft ofensives militars, han patit 16 anys de bloqueig, sense acc\u00e9s a recursos essencials i han necessitat ajuda internacional per poder viure.\u00a0 Les Nacions Unides va crear al 1949 l\u2019ag\u00e8ncia UNRWA per a la poblaci\u00f3 refugiada palestina.\u00a0 Des de l&#8217;aleshores ha estat treballant per a proporcionar assist\u00e8ncia humanit\u00e0ria i serveis essencials als refugiats i refugiades.<\/p>\n\n\n\n<p>Els fets violents del 7 d\u2019octubre, que condemnem incondicionalment, van desencadenar l\u2019esclat de l\u2019actual guerra entre Palestina i Israel.&nbsp;<\/p>\n\n\n\n<p>Actualment l\u2019escalada de viol\u00e8ncia a la Franja de Gaza ha arribat a proporcions alarmants. La p\u00e8rdua de vides civils, innocents, principalment nens i nenes, \u00e9s inacceptable.<\/p>\n\n\n\n<p>Davant aquest drama, us convidem a <strong>obrir els ulls, <\/strong>\u00a0a prendre consci\u00e8ncia del dolor, l\u2019angoixa, la desesperaci\u00f3 dels qui estan en guerra i unir-nos per reclamar i impulsar solucions pac\u00edfiques i justes.\u00a0<\/p>\n\n\n\n<p>A trav\u00e9s de l\u2019acci\u00f3 col\u00b7lectiva demanem el cessament de la viol\u00e8ncia de totes les parts i el comprom\u00eds i implicaci\u00f3 de la comunitat internacional en la cerca de justicia global.<\/p>\n<\/div>\n\n\n\n<div class=\"wp-block-column is-layout-flow wp-block-column-is-layout-flow\"><div class=\"wp-block-image\">\n<figure class=\"aligncenter size-full is-resized\"><img loading=\"lazy\" decoding=\"async\" width=\"621\" height=\"1104\" src=\"https:\/\/044apgi.ooteca.artedra.net\/wordpress\/wp-content\/uploads\/2024\/01\/palestina1.jpg\" alt=\"\" class=\"wp-image-603\" style=\"aspect-ratio:0.5625;object-fit:cover;width:621px;height:auto\" srcset=\"https:\/\/044apgi.ooteca.artedra.net\/wordpress\/wp-content\/uploads\/2024\/01\/palestina1.jpg 621w, https:\/\/044apgi.ooteca.artedra.net\/wordpress\/wp-content\/uploads\/2024\/01\/palestina1-169x300.jpg 169w, https:\/\/044apgi.ooteca.artedra.net\/wordpress\/wp-content\/uploads\/2024\/01\/palestina1-576x1024.jpg 576w\" sizes=\"auto, (max-width: 621px) 100vw, 621px\" \/><figcaption class=\"wp-element-caption\">Territori de Palestina a 2023<\/figcaption><\/figure>\n<\/div><\/div>\n<\/div>\n<\/div><\/div>\n<\/div><\/div>\n","protected":false},"excerpt":{"rendered":"<p>Artivisme L&#8217;artivisme \u00e9s una paraula que deriva de la combinaci\u00f3 d&#8217; \u00abart\u00bb i \u00abactivisme\u00bb. Es refereix a una forma d&#8217;activisme<\/p>\n<p><span class=\"more-link\"><a href=\"https:\/\/044apgi.ooteca.artedra.net\/wordpress\/?page_id=382\" class=\"readmore\">Seguir leyendo<span class=\"screen-reader-text\">Concepte<\/span><\/a><\/span><\/p>\n","protected":false},"author":2,"featured_media":0,"parent":0,"menu_order":0,"comment_status":"closed","ping_status":"closed","template":"","meta":{"footnotes":""},"class_list":["post-382","page","type-page","status-publish","hentry"],"_links":{"self":[{"href":"https:\/\/044apgi.ooteca.artedra.net\/wordpress\/index.php?rest_route=\/wp\/v2\/pages\/382","targetHints":{"allow":["GET"]}}],"collection":[{"href":"https:\/\/044apgi.ooteca.artedra.net\/wordpress\/index.php?rest_route=\/wp\/v2\/pages"}],"about":[{"href":"https:\/\/044apgi.ooteca.artedra.net\/wordpress\/index.php?rest_route=\/wp\/v2\/types\/page"}],"author":[{"embeddable":true,"href":"https:\/\/044apgi.ooteca.artedra.net\/wordpress\/index.php?rest_route=\/wp\/v2\/users\/2"}],"replies":[{"embeddable":true,"href":"https:\/\/044apgi.ooteca.artedra.net\/wordpress\/index.php?rest_route=%2Fwp%2Fv2%2Fcomments&post=382"}],"version-history":[{"count":42,"href":"https:\/\/044apgi.ooteca.artedra.net\/wordpress\/index.php?rest_route=\/wp\/v2\/pages\/382\/revisions"}],"predecessor-version":[{"id":696,"href":"https:\/\/044apgi.ooteca.artedra.net\/wordpress\/index.php?rest_route=\/wp\/v2\/pages\/382\/revisions\/696"}],"wp:attachment":[{"href":"https:\/\/044apgi.ooteca.artedra.net\/wordpress\/index.php?rest_route=%2Fwp%2Fv2%2Fmedia&parent=382"}],"curies":[{"name":"wp","href":"https:\/\/api.w.org\/{rel}","templated":true}]}}