{"id":489,"date":"2023-12-19T17:57:56","date_gmt":"2023-12-19T17:57:56","guid":{"rendered":"https:\/\/044apgi.ooteca.artedra.net\/wordpress\/?page_id=489"},"modified":"2024-01-29T16:13:59","modified_gmt":"2024-01-29T16:13:59","slug":"qui-som","status":"publish","type":"page","link":"https:\/\/044apgi.ooteca.artedra.net\/wordpress\/?page_id=489","title":{"rendered":"Qui som?"},"content":{"rendered":"\n<div class=\"wp-block-group alignwide\"><div class=\"wp-block-group__inner-container is-layout-constrained wp-block-group-is-layout-constrained\">\n<h5 class=\"wp-block-heading has-black-color has-text-color has-link-color wp-elements-99894e752ab94b99949502a62a883ee0\"><strong><em>Obre els ulls<\/em> \u00e9s una acci\u00f3 artivista organitzada per l&#8217;edRa (Escola d\u2019Art i Disseny de Rub\u00ed), en col\u00b7laboraci\u00f3 amb <a href=\"https:\/\/www.creart.org.es\/es\/home-e\/\">Creart<\/a> i <a href=\"https:\/\/unrwa.es\/\">UNRWA Catalunya<\/a> i el suport de l&#8217;Ajuntament de Rub\u00ed.<\/strong><\/h5>\n\n\n\n<div style=\"height:13px\" aria-hidden=\"true\" class=\"wp-block-spacer\"><\/div>\n<\/div><\/div>\n\n\n\n<div class=\"wp-block-group alignwide\"><div class=\"wp-block-group__inner-container is-layout-constrained wp-block-group-is-layout-constrained\">\n<h4 class=\"wp-block-heading has-black-color has-text-color has-link-color wp-elements-228d0ca4976538d3fda4cfb83970e0cb\">EDRA<\/h4>\n\n\n\n<div class=\"wp-block-columns alignwide is-layout-flex wp-container-core-columns-is-layout-9d6595d7 wp-block-columns-is-layout-flex\">\n<div class=\"wp-block-column is-vertically-aligned-stretch is-layout-flow wp-block-column-is-layout-flow\">\n<p><a href=\"https:\/\/dev.arac.artedra.net\/\" data-type=\"link\" data-id=\"https:\/\/dev.arac.artedra.net\/\">L\u2019Escola d\u2019Art i Disseny de l\u2019Ajuntament de Rub\u00ed.<\/a> \u00c9s un centre p\u00fablic, tant per la seva forma de finan\u00e7ament com tamb\u00e9 per la seva voluntat de servei a la societat. La seva formaci\u00f3 est\u00e0 basada en projectes reals, orientats amb i per a la comunitat social i l&#8217;empresarial. A trav\u00e9s de reptes individuals i col\u00b7lectius l\u2019alumnat adquireix els coneixements t\u00e8cnics de cada especialitat, desenvolupa la seva creativitat, el seu esperit cr\u00edtic, la seva flexibilitat, la seva empatia i es prepara per liderar i contribuir positivamente a la societat.<\/p>\n<\/div>\n\n\n\n<div class=\"wp-block-column is-vertically-aligned-stretch is-layout-flow wp-block-column-is-layout-flow\">\n<p><a href=\"https:\/\/www.creart.org.es\/es\/home-e\/\" data-type=\"link\" data-id=\"https:\/\/www.creart.org.es\/es\/home-e\/\">Creart<\/a> i <a href=\"https:\/\/unrwa.es\/\">UNRWA<\/a> Catalunya, amb la seva proposta de crear una acci\u00f3 artivista a la ciutat de Rub\u00ed, ens ha donat l&#8217;oportunitat de treballar en valors des de l\u2019art i el disseny amb tota la comunitat educativa i transcendir els l\u00edmits de l\u2019aula amb la participaci\u00f3 comunit\u00e0ria en l\u2019espai p\u00fablic.<\/p>\n\n\n\n<p><strong>Obre els ulls<\/strong> ha estat creada per l\u2019alumnat dels cicles de grau superior de l\u2019escola d\u2019Interiorisme i Gr\u00e0fica Publicit\u00e0ria, amb la col\u00b7laboraci\u00f3 dels cicles de grau mitj\u00e0.<\/p>\n<\/div>\n<\/div>\n<\/div><\/div>\n\n\n\n<div class=\"wp-block-group alignwide\"><div class=\"wp-block-group__inner-container is-layout-constrained wp-block-group-is-layout-constrained\">\n<h4 class=\"wp-block-heading has-black-color has-text-color has-link-color wp-elements-1597cb8b72b0f123154ba7b675580311\"><strong>Creart<\/strong><\/h4>\n\n\n\n<div class=\"wp-block-columns alignwide is-layout-flex wp-container-core-columns-is-layout-9d6595d7 wp-block-columns-is-layout-flex\">\n<div class=\"wp-block-column is-vertically-aligned-stretch is-layout-flow wp-block-column-is-layout-flow\">\n<p>\u00c9s una Organitzaci\u00f3 No Governamental pel Desenvolupament (ONGD), laica, independent i sense \u00e0nim de lucre que treballa per a millorar la qualitat de l&#8217;educaci\u00f3 dels infants i joves, i les seves condicions de vida, utilitzant l&#8217;art com a eina de transformaci\u00f3 social des de 2006.&nbsp;<\/p>\n\n\n\n<p>Treballa des de l&#8217;educaci\u00f3 per la just\u00edcia global, l&#8217;educaci\u00f3 per la pau i la transformaci\u00f3 social, l&#8217;equitat de g\u00e8nere, la defensa dels drets humans i la ciutadania universal, el medi ambient i l&#8217;acci\u00f3 humanit\u00e0ria.<\/p>\n<\/div>\n\n\n\n<div class=\"wp-block-column is-vertically-aligned-stretch is-layout-flow wp-block-column-is-layout-flow\">\n<p>A nivell internacional, actua a zones del Pr\u00f2xim Orient, de l&#8217;\u00c0frica i d&#8217;Am\u00e8rica Llatina amb diferents l\u00ednies de programes: mitjan\u00e7ant projectes educatius amb les poblacions infantils m\u00e9s vulnerables i els seus educadors\/es; programes d&#8217;acompanyament psicosocial amb persones refugiades (especialment dones); i programes que reforcen les societats civils. Usa l&#8217;art de manera terap\u00e8utica amb els col.lectius que pateixen situacions complexes a conseq\u00fc\u00e8ncia de conflictes b\u00e8l.lics, desastres naturals o altres situacions extremes.<\/p>\n\n\n\n<p>A nivell local, treballa en el marc de l&#8217;educaci\u00f3 per a la just\u00edcia global i l&#8217;educaci\u00f3 per la pau en el nostre pa\u00eds per fomentar una consci\u00e8ncia cr\u00edtica que promou actituds socialment actives i transformadores.<\/p>\n<\/div>\n<\/div>\n<\/div><\/div>\n\n\n\n<div class=\"wp-block-group alignwide\"><div class=\"wp-block-group__inner-container is-layout-constrained wp-block-group-is-layout-constrained\">\n<h4 class=\"wp-block-heading has-black-color has-text-color has-link-color wp-elements-92e319e57c4298bb8772776ffedc03d8\"><strong><strong>UNRWA<\/strong><\/strong><\/h4>\n\n\n\n<div class=\"wp-block-columns alignwide is-layout-flex wp-container-core-columns-is-layout-9d6595d7 wp-block-columns-is-layout-flex\">\n<div class=\"wp-block-column is-vertically-aligned-stretch is-layout-flow wp-block-column-is-layout-flow\">\n<p>L\u2019Ag\u00e8ncia de les Nacions Unides establerta per l\u2019Assemblea General l\u2019any 1949 amb el mandat de proporcionar assist\u00e8ncia i protecci\u00f3 a la poblaci\u00f3 refugiada de Palestina, m\u00e9s de 5.9 milions de persones a dia d\u2019avui.<\/p>\n\n\n\n<p>La missi\u00f3 de la <a href=\"https:\/\/unrwa.es\/\" data-type=\"link\" data-id=\"https:\/\/unrwa.es\/\">UNRWA<\/a> \u00e9s ajudar i protegir a la poblaci\u00f3 refugiada de Palestina a Jord\u00e0nia, L\u00edban, S\u00edria i el Territori Palest\u00ed Ocupat (Cisjord\u00e0nia i la Franja de Gaza), a l\u2019espera d\u2019una soluci\u00f3 justa i duradora a la dif\u00edcil situaci\u00f3 a la que es troba. L\u2019Ag\u00e8ncia treballa en educaci\u00f3, salut, protecci\u00f3, serveis social, infraestructura i millora dels campaments, microfinances i ajuda humanit\u00e0ria i d\u2019emerg\u00e8ncia, tant en temps de conflicte com en temps de relativa calma. La <a href=\"https:\/\/unrwa.es\/\">UNRWA<\/a> es finan\u00e7a, quasi en la seva totalitat, a trav\u00e9s de contribucions volunt\u00e0ries dels estats membres de les NNUU.<\/p>\n<\/div>\n\n\n\n<div class=\"wp-block-column is-vertically-aligned-stretch is-layout-flow wp-block-column-is-layout-flow\">\n<p><strong><a href=\"https:\/\/unrwa.es\/\">UNRWA<\/a> Catalunya <\/strong>t\u00e9 dos objectius fonamentals: donar a con\u00e8ixer a la societat catalana la situaci\u00f3 en la qual viuen la poblaci\u00f3 refugiada de Palestina i difondre la tasca humanit\u00e0ria i de protecci\u00f3 que la <a href=\"https:\/\/unrwa.es\/\">UNRWA<\/a> realitza des de fa m\u00e9s de 75 anys. A m\u00e9s, <a href=\"https:\/\/unrwa.es\/\">UNRWA<\/a> Catalunya treballa perqu\u00e8 entitats catalanes, tant p\u00fabliques com privades, recolzin el manteniment dels serveis a la poblaci\u00f3 refugiada de Palestina a trav\u00e9s de la <a href=\"https:\/\/unrwa.es\/\">UNRWA<\/a>.<\/p>\n\n\n\n<p><a href=\"https:\/\/unrwa.es\/\">UNRWA<\/a> Catalunya i l\u2019ONG Creart, han impulsat l\u2019acci\u00f3<strong> <em>Obre els ulls<\/em>. <\/strong>Juntament<strong> <\/strong>han proporcionat formaci\u00f3 i orientaci\u00f3 al professorat i l\u2019alumnat d\u2019edRa, per entendre el conflicte Israel-Palestina en tot el seu context, en el marc del <em>Projecte joves artivistes catalans\/es\/is pels Drets Humans de la poblaci\u00f3 refugiada de Palestina<\/em> amb el suport de l\u2019Ag\u00e8ncia Catalana de Cooperaci\u00f3 al Desenvolupament.<\/p>\n<\/div>\n<\/div>\n<\/div><\/div>\n\n\n\n<div class=\"wp-block-group alignwide\"><div class=\"wp-block-group__inner-container is-layout-constrained wp-block-group-is-layout-constrained\">\n<h4 class=\"wp-block-heading has-black-color has-text-color has-link-color wp-elements-7d5dab00b8dc4efc9fcd38ba13a60ba1\"><strong>Ajuntament de Rub\u00ed<\/strong><\/h4>\n\n\n\n<div class=\"wp-block-columns alignwide is-layout-flex wp-container-core-columns-is-layout-9d6595d7 wp-block-columns-is-layout-flex\">\n<div class=\"wp-block-column is-vertically-aligned-stretch is-layout-flow wp-block-column-is-layout-flow\">\n<p>Juntament amb el Consell de Cooperaci\u00f3 i altres entitats relacionades amb la cooperaci\u00f3 i la solidaritat, crea espais de sensibilitzaci\u00f3 que promouen valors \u00e8tics i socials, aix\u00ed com l\u2019acollida i la inclusi\u00f3 de les persones nouvingudes, la promoci\u00f3 de les accions de sensibilitzaci\u00f3 a les escoles, instituts i entitats ve\u00efnals, impulsant accions que promouen les xarxes solid\u00e0ries locals, supramunicipals i internacionals.<\/p>\n<\/div>\n\n\n\n<div class=\"wp-block-column is-vertically-aligned-stretch is-layout-flow wp-block-column-is-layout-flow\">\n<p>El Servei de Cooperaci\u00f3 ha organitzat l\u2019acci\u00f3 posant en contacte l\u2019escola edRa amb <a href=\"https:\/\/www.creart.org.es\/es\/home-e\/\">CreArt<\/a> i <a href=\"https:\/\/unrwa.es\/\">UNRWA<\/a> Catalunya per tal de co-crear l\u2019acci\u00f3 artivista <strong><em>Obre els ulls<\/em><\/strong>.\u00a0 Ens ha ofert processos d&#8217;aprenentatge amb metodologies participatives i socioafectives perqu\u00e8 l\u2019alumnat reflexioni sobre les vulneracions de drets humans i les seves causes estructurals a nivell global i local. Tamb\u00e9 ha facilitat la interacci\u00f3 de l\u2019acci\u00f3 amb alumnat de prim\u00e0ria de diferents centres educatius de Rub\u00ed i altres recursos.<\/p>\n<\/div>\n<\/div>\n<\/div><\/div>\n","protected":false},"excerpt":{"rendered":"<p>Obre els ulls \u00e9s una acci\u00f3 artivista organitzada per l&#8217;edRa (Escola d\u2019Art i Disseny de Rub\u00ed), en col\u00b7laboraci\u00f3 amb Creart<\/p>\n<p><span class=\"more-link\"><a href=\"https:\/\/044apgi.ooteca.artedra.net\/wordpress\/?page_id=489\" class=\"readmore\">Seguir leyendo<span class=\"screen-reader-text\">Qui som?<\/span><\/a><\/span><\/p>\n","protected":false},"author":2,"featured_media":0,"parent":0,"menu_order":0,"comment_status":"closed","ping_status":"closed","template":"","meta":{"footnotes":""},"class_list":["post-489","page","type-page","status-publish","hentry"],"_links":{"self":[{"href":"https:\/\/044apgi.ooteca.artedra.net\/wordpress\/index.php?rest_route=\/wp\/v2\/pages\/489","targetHints":{"allow":["GET"]}}],"collection":[{"href":"https:\/\/044apgi.ooteca.artedra.net\/wordpress\/index.php?rest_route=\/wp\/v2\/pages"}],"about":[{"href":"https:\/\/044apgi.ooteca.artedra.net\/wordpress\/index.php?rest_route=\/wp\/v2\/types\/page"}],"author":[{"embeddable":true,"href":"https:\/\/044apgi.ooteca.artedra.net\/wordpress\/index.php?rest_route=\/wp\/v2\/users\/2"}],"replies":[{"embeddable":true,"href":"https:\/\/044apgi.ooteca.artedra.net\/wordpress\/index.php?rest_route=%2Fwp%2Fv2%2Fcomments&post=489"}],"version-history":[{"count":28,"href":"https:\/\/044apgi.ooteca.artedra.net\/wordpress\/index.php?rest_route=\/wp\/v2\/pages\/489\/revisions"}],"predecessor-version":[{"id":698,"href":"https:\/\/044apgi.ooteca.artedra.net\/wordpress\/index.php?rest_route=\/wp\/v2\/pages\/489\/revisions\/698"}],"wp:attachment":[{"href":"https:\/\/044apgi.ooteca.artedra.net\/wordpress\/index.php?rest_route=%2Fwp%2Fv2%2Fmedia&parent=489"}],"curies":[{"name":"wp","href":"https:\/\/api.w.org\/{rel}","templated":true}]}}